{"id":2951,"date":"2020-11-10T18:53:13","date_gmt":"2020-11-10T18:53:13","guid":{"rendered":"https:\/\/lej-invest.com\/?page_id=2951"},"modified":"2021-01-12T12:23:54","modified_gmt":"2021-01-12T12:23:54","slug":"kontakt-zu-lej-invest","status":"publish","type":"page","link":"https:\/\/lej-invest.net\/ru\/kontakt-zu-lej-invest\/","title":{"rendered":"\u041a\u043e\u043d\u0442\u0430\u043a\u0442 \u0441 LEJ invest"},"content":{"rendered":"<div id=\"pl-2951\"  class=\"panel-layout\" ><div id=\"pg-2951-0\"  class=\"panel-grid panel-has-style\" ><div class=\"siteorigin-panels-stretch panel-row-style panel-row-style-for-2951-0\" data-stretch-type=\"full-stretched\" ><div id=\"pgc-2951-0-0\"  class=\"panel-grid-cell\" ><div id=\"panel-2951-0-0-0\" class=\"so-panel widget widget_sow-hero panel-first-child panel-last-child\" data-index=\"0\" ><div\n\t\t\t\n\t\t\tclass=\"so-widget-sow-hero so-widget-sow-hero-default-470bc0943ab5-2951 so-widget-fittext-wrapper\"\n\t\t\t data-fit-text-compressor=\"0.85\"\n\t\t>\t\t\t\t<div class=\"sow-slider-base\" style=\"display: none\" tabindex=\"0\">\n\t\t\t\t\t<ul\n\t\t\t\t\tclass=\"sow-slider-images\"\n\t\t\t\t\tdata-settings=\"{&quot;pagination&quot;:true,&quot;speed&quot;:800,&quot;timeout&quot;:8000,&quot;paused&quot;:false,&quot;pause_on_hover&quot;:false,&quot;swipe&quot;:true,&quot;nav_always_show_desktop&quot;:&quot;&quot;,&quot;nav_always_show_mobile&quot;:&quot;&quot;,&quot;breakpoint&quot;:&quot;780px&quot;,&quot;unmute&quot;:false,&quot;anchor&quot;:null}\"\n\t\t\t\t\tstyle=\"min-height: 600px\"\t\t\t\t\tdata-anchor-id=\"\"\n\t\t\t\t>\t\t<li class=\"sow-slider-image  sow-slider-image-cover\" style=\"visibility: visible;;background-color: #333333;background-image: url(https:\/\/lej-invest.net\/wp-content\/uploads\/2021\/01\/lej_invest_493016302-scaled.jpg)\" >\n\t\t\t\t\t<div class=\"sow-slider-image-container\">\n\t\t\t<div class=\"sow-slider-image-wrapper\">\n\t\t\t\t<h1 style=\"text-align: center\">Kontaktieren Sie uns<\/h1>\n<h2 style=\"text-align: center\">Haben Sie Fragen, Anregungen oder Kritik, nehmen Sie Kontakt mit uns auf.<\/h2>\n\t\t\t<\/div>\n\t\t<\/div>\n\t\t\t\t<\/li>\n\t\t<\/ul>\t\t\t\t<ol class=\"sow-slider-pagination\">\n\t\t\t\t\t\t\t\t\t\t\t<li><a href=\"#\" data-goto=\"0\" aria-label=\"\u041e\u0442\u043e\u0431\u0440\u0430\u0436\u0435\u043d\u0438\u0435 \u0441\u043b\u0430\u0439\u0434\u0430 1\"><\/a><\/li>\n\t\t\t\t\t\t\t\t\t<\/ol>\n\n\t\t\t\t<div class=\"sow-slide-nav sow-slide-nav-next\">\n\t\t\t\t\t<a href=\"#\" data-goto=\"next\" aria-label=\"\u0421\u043b\u0435\u0434\u0443\u044e\u0449\u0438\u0439 \u0441\u043b\u0430\u0439\u0434\" data-action=\"next\">\n\t\t\t\t\t\t<em class=\"sow-sld-icon-thin-right\"><\/em>\n\t\t\t\t\t<\/a>\n\t\t\t\t<\/div>\n\n\t\t\t\t<div class=\"sow-slide-nav sow-slide-nav-prev\">\n\t\t\t\t\t<a href=\"#\" data-goto=\"previous\" aria-label=\"\u041f\u0440\u0435\u0434\u044b\u0434\u0443\u0449\u0438\u0439 \u0441\u043b\u0430\u0439\u0434\" data-action=\"prev\">\n\t\t\t\t\t\t<em class=\"sow-sld-icon-thin-left\"><\/em>\n\t\t\t\t\t<\/a>\n\t\t\t\t<\/div>\n\t\t\t\t<\/div><\/div><\/div><\/div><\/div><\/div><div id=\"pg-2951-1\"  class=\"panel-grid panel-has-style\" ><div class=\"panel-row-style panel-row-style-for-2951-1\" ><div id=\"pgc-2951-1-0\"  class=\"panel-grid-cell\" ><div id=\"panel-2951-1-0-0\" class=\"so-panel widget widget_sow-editor panel-first-child\" data-index=\"1\" ><div\n\t\t\t\n\t\t\tclass=\"so-widget-sow-editor so-widget-sow-editor-base\"\n\t\t\t\n\t\t><h3 class=\"widget-title\">Kontakt zu LEJ invest<\/h3>\n<div class=\"siteorigin-widget-tinymce textwidget\">\n\t<p>Sie m\u00f6chten mehr sehen oder mehr erfahren?\u00a0Wenn Sie weitere Informationen zu den im Verkauf befindlichen Immobilienprojekten haben m\u00f6chten, k\u00fcmmern wir uns gerne um Ihr Anliegen.<\/p>\n<p>Wir freuen uns \u00fcber Ihre Kontaktanfrage und treffen uns gerne mit Ihnen zu einem pers\u00f6nlichen Beratungsgespr\u00e4ch.<\/p>\n<\/div>\n<\/div><\/div><div id=\"panel-2951-1-0-1\" class=\"so-panel widget widget_sow-contact-form panel-last-child\" data-index=\"2\" ><div\n\t\t\t\n\t\t\tclass=\"so-widget-sow-contact-form so-widget-sow-contact-form-default-1dceae4ce411-2951\"\n\t\t\t\n\t\t>\t<form\n\t\taction=\"\/ru\/wp-json\/wp\/v2\/pages\/2951\"\n\t\tmethod=\"POST\"\n\t\tclass=\"sow-contact-form\"\n\t\tid=\"contact-form-bf62\"\n\t>\n\n\t\t\n\t\t            <p><em>*Mit dem Absenden des Formulars stimmen Sie zu, dass Ihre Angaben aus dem Kontaktformular zur Beantwortung Ihrer Anfrage erhoben und verarbeitet werden. Hinweis: Sie k\u00f6nnen Ihre Einwilligung jederzeit f\u00fcr die Zukunft per E-Mail an it@lej-invest.com widerrufen.<\/em><\/p>\n\t\t\t\t\t\t<div class=\"sow-form-field sow-form-field-name\">\n\t\t\t\t<label class=\"sow-form-field-label-above\" for=\"sow-contact-form-field-name-1\">\n\t\t\t\t<strong>\n\t\t\t\t\tName\t\t\t\t\t\t\t\t\t\t\t<span class=\"sow-form-field-required\">*<\/span>\n\t\t\t\t\t\t\t\t\t<\/strong>\n\t\t\t<\/label>\n\t\t\t\t\t\t\t<div class=\"sow-field-container\">\n\t\t\t\t\t\t\t<input\n\t\t\ttype=\"text\"\n\t\t\tname=\"name-1\"\n\t\t\tid=\"sow-contact-form-field-name-1\"\n\t\t\tvalue=\"\"\n\t\t\tclass=\"sow-text-field\"\n\t\t\t\t\t\t\t\t\/>\n\t\t\t\t\t\t<\/div>\n\t\t\t\t\t\t\t<\/div>\n\t\t\t\t\t\t<div class=\"sow-form-field sow-form-field-email\">\n\t\t\t\t<label class=\"sow-form-field-label-above\" for=\"sow-contact-form-field-email-adresse-1\">\n\t\t\t\t<strong>\n\t\t\t\t\teMail-Adresse\t\t\t\t\t\t\t\t\t\t\t<span class=\"sow-form-field-required\">*<\/span>\n\t\t\t\t\t\t\t\t\t<\/strong>\n\t\t\t<\/label>\n\t\t\t\t\t\t\t<div class=\"sow-field-container\">\n\t\t\t\t\t\t\t<input\n\t\t\ttype=\"email\"\n\t\t\tname=\"email-adresse-1\"\n\t\t\tid=\"sow-contact-form-field-email-adresse-1\"\n\t\t\tvalue=\"\"\n\t\t\tclass=\"sow-text-field\"\t\t\t\t\t\t\t\t\/>\n\t\t\t\t\t\t<\/div>\n\t\t\t\t\t\t\t<\/div>\n\t\t\t\t\t\t<div class=\"sow-form-field sow-form-field-subject\">\n\t\t\t\t<label class=\"sow-form-field-label-above\" for=\"sow-contact-form-field-betreff-1\">\n\t\t\t\t<strong>\n\t\t\t\t\tBetreff\t\t\t\t\t\t\t\t\t\t\t<span class=\"sow-form-field-required\">*<\/span>\n\t\t\t\t\t\t\t\t\t<\/strong>\n\t\t\t<\/label>\n\t\t\t\t\t\t\t<div class=\"sow-field-container\">\n\t\t\t\t\t\t\t<input\n\t\t\ttype=\"text\"\n\t\t\tname=\"betreff-1\"\n\t\t\tid=\"sow-contact-form-field-betreff-1\"\n\t\t\tvalue=\"\"\n\t\t\tclass=\"sow-text-field\"\n\t\t\t\t\t\t\t\t\/>\n\t\t\t\t\t\t<\/div>\n\t\t\t\t\t\t\t<\/div>\n\t\t\t\t\t\t<div class=\"sow-form-field sow-form-field-textarea\">\n\t\t\t\t<label class=\"sow-form-field-label-above\" for=\"sow-contact-form-field-message-1\">\n\t\t\t\t<strong>\n\t\t\t\t\tMessage\t\t\t\t\t\t\t\t\t\t\t<span class=\"sow-form-field-required\">*<\/span>\n\t\t\t\t\t\t\t\t\t<\/strong>\n\t\t\t<\/label>\n\t\t\t\t\t\t\t<div class=\"sow-field-container\">\n\t\t\t\t\t\t\t<textarea\n\t\t\tname=\"message-1\"\n\t\t\tid=\"sow-contact-form-field-message-1\"\n\t\t\trows=\"10\"\n\t\t\t\t\t\taria-describedby=\"sow-contact-form-field-message-1-description\" \t\t><\/textarea>\n\t\t\t\t\t\t\t\t<div\n\t\t\t\t\t\t\tclass=\"sow-form-field-description\"\n\t\t\t\t\t\t\tid=\"sow-contact-form-field-message-1-description\"\n\t\t\t\t\t\t>\n\t\t\t\t\t\t\tBeschreiben Sie Ihr Anliegen\t\t\t\t\t\t<\/div>\n\t\t\t\t\t\t\t\t\t\t<\/div>\n\t\t\t\t\t\t\t<\/div>\n\t\t\t\n\t\t\n\t\t<div class=\"sow-submit-wrapper \n\t\tsow-submit-styled\t\t\">\n\n\t\t\t<button\n\t\t\t\ttype=\"submit\"\n\t\t\t\tclass=\"sow-submit\n\t\t\t\t\t\t\t\t\"\n\t\t\t\t\t\t\t>\n\t\t\t\tSenden\t\t\t<\/button>\n\t\t<\/div>\n\t\t\t\t<input\n\t\t\ttype=\"hidden\"\n\t\t\tname=\"instance_hash-1\"\n\t\t\tvalue=\"bf62d956\"\n\t\t\/>\n\n\t\t<input type=\"hidden\" id=\"_wpnonce\" name=\"_wpnonce\" value=\"c805f44264\" \/><input type=\"hidden\" name=\"_wp_http_referer\" value=\"\/ru\/wp-json\/wp\/v2\/pages\/2951\" \/>\t<\/form>\n\t<\/div><\/div><\/div><div id=\"pgc-2951-1-1\"  class=\"panel-grid-cell\" ><div id=\"panel-2951-1-1-0\" class=\"so-panel widget widget_es_search_widget es-widget panel-first-child panel-last-child\" data-index=\"3\" >\n\t<div class=\"es-search__wrapper es-search__wrapper--horizontal \">\n\n\t\t\t\t\t<h3 class=\"widget-title\">Immobilien<\/h3>\t\t\n\t\t<form action=\"https:\/\/lej-invest.net\/ru\/\" role=\"search\" method=\"get\">\n\n\t\t\t\n\t\t\t                <input type=\"hidden\" name=\"s\"\/>\n\t\t\t\n\t\t\t\t\t\t\t\t\t\t\t\t\t\t\t\t\t\t<div class=\"es-search__field es-search__field--city\">\n\t\t\t\t\t\t\t<div class=\"es-field__label\">\n            <label for=\"es-search-city-input\">\n            City\n            <\/label><\/div><div class=\"es-field__wrap \"><select name=\"es_search[city]\"  class=\"js-es-location js-es-search-city\" disabled=\"disabled\" data-placeholder=\"Select location\" data-field=\"city\" id=\"es-search-city-input\" value=\"\" ><option><\/option><\/select><\/div>\t\t\t\t\t\t<\/div>\n\t\t\t\t\t\t\t\t\t\t\t\t\t\t\t\t\t\t\t\t<div class=\"es-search__field es-search__field--price\">\n\t\t\t\t\t\t\t<div class=\"es-field__label\">\n            <label for=\"es-search-price-input\">\n            Price\n            <\/label><\/div><div class=\"es-field__wrap \"><div class=\"es-field__range\">\n                                 <input id=\"es-search-price-input-min\" type=\"text\" placeholder=\"min\" name=\"es_search[price][min]\"  step=\"any\"  value=\"\"\/><input id=\"es-search-price-input-max\" type=\"text\" placeholder=\"max\" name=\"es_search[price][max]\"  step=\"any\"  value=\"\"\/><\/div><\/div>\t\t\t\t\t\t<\/div>\n\t\t\t\t\t\t\t\t\t\t\t\t\t\t\t\t\t\t\t\t<div class=\"es-search__field es-search__field--area\">\n\t\t\t\t\t\t\t<div class=\"es-field__label\">\n            <label for=\"es-search-area-input\">\n            Area\n            <\/label><\/div><div class=\"es-field__wrap es-field__wrap--units\"><div class=\"es-field__range\">\n                                 <input id=\"es-search-area-input-min\" type=\"text\" placeholder=\"min\" name=\"es_search[area][min]\"  pattern=\"[0-9.]+\"  value=\"\"\/><input id=\"es-search-area-input-max\" type=\"text\" placeholder=\"max\" name=\"es_search[area][max]\"  pattern=\"[0-9.]+\"  value=\"\"\/><input type=\"hidden\" name=\"es_search[area_unit]\" value=\"sq_m\"><span class=\"es-field__unit\">m\u00b2<\/span><\/div><\/div>\t\t\t\t\t\t<\/div>\n\t\t\t\t\t\t\t\t\t\t\t\t\t\t\t\t\t\t\t\t<div class=\"es-search__field es-search__field--es_feature\">\n\t\t\t\t\t\t\t<div class=\"es-field__label\">\n            <label for=\"es-search-es_feature-input\">\n            Features\n            <\/label><\/div><div class=\"es-field__wrap \"><select name=\"es_search[es_feature][]\"  class=\"es-select2-tags js-ept-tags\" multiple=\"1\" data-placeholder=\"Features\" id=\"es-search-es_feature-input\" value=\"\" ><option><\/option><option value=\"71\" >Aufzug<\/option><option value=\"84\" >balcony<\/option><option value=\"70\" >Balkon<\/option><option value=\"86\" >cooling<\/option><option value=\"88\" >elevator<\/option><option value=\"89\" >fireplace<\/option><option value=\"93\" >garden<\/option><option value=\"94\" >heating<\/option><option value=\"103\" >parking<\/option><option value=\"105\" >swimming pool<\/option><option value=\"78\" >Tiefgarage<\/option><\/select><\/div>\t\t\t\t\t\t<\/div>\n\t\t\t\t\t\t\t\t\t\t\t\t\t\t\t\t\t\t\t\t\t\n\t\t\t\t\t\t\t<input type=\"hidden\" name=\"post_type\" value=\"properties\"\/>\n\t\t\t\n\t\t\t<div class=\"es-search__buttons\">\n\t\t\t\t<div class=\"es-button__wrap\">\n\t\t\t\t\t<input type=\"submit\" class=\"btn ept-btn-primary\" value=\"Search\"\/>\n\t\t\t\t<\/div>\n\t\t\t\t<div class=\"es-button__wrap\">\n\t\t\t\t\t<input type=\"reset\" class=\"btn ept-btn-reset\" value=\"Reset\"\/>\n\t\t\t\t<\/div>\n\t\t\t\t\t\t\t<\/div>\n\n\t\t\t<div class=\"es-search__messages js-es-search__messages\"><\/div>\n\n\t\t\t\n\t\t<\/form>\n\n\t<\/div>\n<\/div><\/div><\/div><\/div><\/div>","protected":false},"excerpt":{"rendered":"<p>Sie m\u00f6chten mehr sehen oder mehr erfahren?\u00a0Wenn Sie weitere Informationen zu den im Verkauf befindlichen Immobilienprojekten haben m\u00f6chten, k\u00fcmmern wir uns gerne um Ihr Anliegen. Wir freuen uns \u00fcber Ihre Kontaktanfrage und treffen uns gerne mit Ihnen zu einem pers\u00f6nlichen Beratungsgespr\u00e4ch.<\/p>","protected":false},"author":3,"featured_media":0,"parent":0,"menu_order":0,"comment_status":"closed","ping_status":"closed","template":"templates\/page-builder.php","meta":{"footnotes":""},"class_list":["post-2951","page","type-page","status-publish","hentry"],"yoast_head":"<!-- This site is optimized with the Yoast SEO plugin v27.3 - https:\/\/yoast.com\/product\/yoast-seo-wordpress\/ -->\n<title>Kontakt zu LEJ invest - LEJ invest<\/title>\n<meta name=\"robots\" content=\"noindex, follow, max-snippet:-1, max-image-preview:large, max-video-preview:-1\" \/>\n<meta property=\"og:locale\" content=\"ru_RU\" \/>\n<meta property=\"og:type\" content=\"article\" \/>\n<meta property=\"og:title\" content=\"Kontakt zu LEJ invest - LEJ invest\" \/>\n<meta property=\"og:description\" content=\"Sie m\u00f6chten mehr sehen oder mehr erfahren?\u00a0Wenn Sie weitere Informationen zu den im Verkauf befindlichen Immobilienprojekten haben m\u00f6chten, k\u00fcmmern wir uns gerne um Ihr Anliegen. Wir freuen uns \u00fcber Ihre Kontaktanfrage und treffen uns gerne mit Ihnen zu einem pers\u00f6nlichen Beratungsgespr\u00e4ch.\" \/>\n<meta property=\"og:url\" content=\"https:\/\/lej-invest.net\/ru\/kontakt-zu-lej-invest\/\" \/>\n<meta property=\"og:site_name\" content=\"LEJ invest\" \/>\n<meta property=\"article:modified_time\" content=\"2021-01-12T12:23:54+00:00\" \/>\n<meta name=\"twitter:card\" content=\"summary_large_image\" \/>\n<script type=\"application\/ld+json\" class=\"yoast-schema-graph\">{\"@context\":\"https:\\\/\\\/schema.org\",\"@graph\":[{\"@type\":\"WebPage\",\"@id\":\"https:\\\/\\\/lej-invest.net\\\/kontakt-zu-lej-invest\\\/\",\"url\":\"https:\\\/\\\/lej-invest.net\\\/kontakt-zu-lej-invest\\\/\",\"name\":\"Kontakt zu LEJ invest - LEJ invest\",\"isPartOf\":{\"@id\":\"https:\\\/\\\/lej-invest.net\\\/#website\"},\"datePublished\":\"2020-11-10T18:53:13+00:00\",\"dateModified\":\"2021-01-12T12:23:54+00:00\",\"breadcrumb\":{\"@id\":\"https:\\\/\\\/lej-invest.net\\\/kontakt-zu-lej-invest\\\/#breadcrumb\"},\"inLanguage\":\"ru-RU\",\"potentialAction\":[{\"@type\":\"ReadAction\",\"target\":[\"https:\\\/\\\/lej-invest.net\\\/kontakt-zu-lej-invest\\\/\"]}]},{\"@type\":\"BreadcrumbList\",\"@id\":\"https:\\\/\\\/lej-invest.net\\\/kontakt-zu-lej-invest\\\/#breadcrumb\",\"itemListElement\":[{\"@type\":\"ListItem\",\"position\":1,\"name\":\"Home\",\"item\":\"https:\\\/\\\/lej-invest.net\\\/\"},{\"@type\":\"ListItem\",\"position\":2,\"name\":\"Kontakt zu LEJ invest\"}]},{\"@type\":\"WebSite\",\"@id\":\"https:\\\/\\\/lej-invest.net\\\/#website\",\"url\":\"https:\\\/\\\/lej-invest.net\\\/\",\"name\":\"LEJ invest\",\"description\":\"Immobilien in Leipzig, Sachsen, Deutschland\",\"publisher\":{\"@id\":\"https:\\\/\\\/lej-invest.net\\\/#organization\"},\"potentialAction\":[{\"@type\":\"SearchAction\",\"target\":{\"@type\":\"EntryPoint\",\"urlTemplate\":\"https:\\\/\\\/lej-invest.net\\\/?s={search_term_string}\"},\"query-input\":{\"@type\":\"PropertyValueSpecification\",\"valueRequired\":true,\"valueName\":\"search_term_string\"}}],\"inLanguage\":\"ru-RU\"},{\"@type\":\"Organization\",\"@id\":\"https:\\\/\\\/lej-invest.net\\\/#organization\",\"name\":\"LEJ invest\",\"url\":\"https:\\\/\\\/lej-invest.net\\\/\",\"logo\":{\"@type\":\"ImageObject\",\"inLanguage\":\"ru-RU\",\"@id\":\"https:\\\/\\\/lej-invest.net\\\/#\\\/schema\\\/logo\\\/image\\\/\",\"url\":\"https:\\\/\\\/lej-invest.net\\\/wp-content\\\/uploads\\\/2021\\\/01\\\/lej_invest_333x150px_logo.png.png\",\"contentUrl\":\"https:\\\/\\\/lej-invest.net\\\/wp-content\\\/uploads\\\/2021\\\/01\\\/lej_invest_333x150px_logo.png.png\",\"width\":333,\"height\":150,\"caption\":\"LEJ invest\"},\"image\":{\"@id\":\"https:\\\/\\\/lej-invest.net\\\/#\\\/schema\\\/logo\\\/image\\\/\"}}]}<\/script>\n<!-- \/ Yoast SEO plugin. -->","yoast_head_json":{"title":"Kontakt zu LEJ invest - LEJ invest","robots":{"index":"noindex","follow":"follow","max-snippet":"max-snippet:-1","max-image-preview":"max-image-preview:large","max-video-preview":"max-video-preview:-1"},"og_locale":"ru_RU","og_type":"article","og_title":"Kontakt zu LEJ invest - LEJ invest","og_description":"Sie m\u00f6chten mehr sehen oder mehr erfahren?\u00a0Wenn Sie weitere Informationen zu den im Verkauf befindlichen Immobilienprojekten haben m\u00f6chten, k\u00fcmmern wir uns gerne um Ihr Anliegen. Wir freuen uns \u00fcber Ihre Kontaktanfrage und treffen uns gerne mit Ihnen zu einem pers\u00f6nlichen Beratungsgespr\u00e4ch.","og_url":"https:\/\/lej-invest.net\/ru\/kontakt-zu-lej-invest\/","og_site_name":"LEJ invest","article_modified_time":"2021-01-12T12:23:54+00:00","twitter_card":"summary_large_image","schema":{"@context":"https:\/\/schema.org","@graph":[{"@type":"WebPage","@id":"https:\/\/lej-invest.net\/kontakt-zu-lej-invest\/","url":"https:\/\/lej-invest.net\/kontakt-zu-lej-invest\/","name":"Kontakt zu LEJ invest - LEJ invest","isPartOf":{"@id":"https:\/\/lej-invest.net\/#website"},"datePublished":"2020-11-10T18:53:13+00:00","dateModified":"2021-01-12T12:23:54+00:00","breadcrumb":{"@id":"https:\/\/lej-invest.net\/kontakt-zu-lej-invest\/#breadcrumb"},"inLanguage":"ru-RU","potentialAction":[{"@type":"ReadAction","target":["https:\/\/lej-invest.net\/kontakt-zu-lej-invest\/"]}]},{"@type":"BreadcrumbList","@id":"https:\/\/lej-invest.net\/kontakt-zu-lej-invest\/#breadcrumb","itemListElement":[{"@type":"ListItem","position":1,"name":"Home","item":"https:\/\/lej-invest.net\/"},{"@type":"ListItem","position":2,"name":"Kontakt zu LEJ invest"}]},{"@type":"WebSite","@id":"https:\/\/lej-invest.net\/#website","url":"https:\/\/lej-invest.net\/","name":"LEJ invest","description":"Immobilien in Leipzig, Sachsen, Deutschland","publisher":{"@id":"https:\/\/lej-invest.net\/#organization"},"potentialAction":[{"@type":"SearchAction","target":{"@type":"EntryPoint","urlTemplate":"https:\/\/lej-invest.net\/?s={search_term_string}"},"query-input":{"@type":"PropertyValueSpecification","valueRequired":true,"valueName":"search_term_string"}}],"inLanguage":"ru-RU"},{"@type":"Organization","@id":"https:\/\/lej-invest.net\/#organization","name":"LEJ invest","url":"https:\/\/lej-invest.net\/","logo":{"@type":"ImageObject","inLanguage":"ru-RU","@id":"https:\/\/lej-invest.net\/#\/schema\/logo\/image\/","url":"https:\/\/lej-invest.net\/wp-content\/uploads\/2021\/01\/lej_invest_333x150px_logo.png.png","contentUrl":"https:\/\/lej-invest.net\/wp-content\/uploads\/2021\/01\/lej_invest_333x150px_logo.png.png","width":333,"height":150,"caption":"LEJ invest"},"image":{"@id":"https:\/\/lej-invest.net\/#\/schema\/logo\/image\/"}}]}},"_links":{"self":[{"href":"https:\/\/lej-invest.net\/ru\/wp-json\/wp\/v2\/pages\/2951","targetHints":{"allow":["GET"]}}],"collection":[{"href":"https:\/\/lej-invest.net\/ru\/wp-json\/wp\/v2\/pages"}],"about":[{"href":"https:\/\/lej-invest.net\/ru\/wp-json\/wp\/v2\/types\/page"}],"author":[{"embeddable":true,"href":"https:\/\/lej-invest.net\/ru\/wp-json\/wp\/v2\/users\/3"}],"replies":[{"embeddable":true,"href":"https:\/\/lej-invest.net\/ru\/wp-json\/wp\/v2\/comments?post=2951"}],"version-history":[{"count":46,"href":"https:\/\/lej-invest.net\/ru\/wp-json\/wp\/v2\/pages\/2951\/revisions"}],"predecessor-version":[{"id":3385,"href":"https:\/\/lej-invest.net\/ru\/wp-json\/wp\/v2\/pages\/2951\/revisions\/3385"}],"wp:attachment":[{"href":"https:\/\/lej-invest.net\/ru\/wp-json\/wp\/v2\/media?parent=2951"}],"curies":[{"name":"wp","href":"https:\/\/api.w.org\/{rel}","templated":true}]}}